{"id":56,"date":"2024-05-11T17:06:19","date_gmt":"2024-05-11T17:06:19","guid":{"rendered":"https:\/\/insideout.visahemsida.se\/index.php\/our-bread\/"},"modified":"2024-06-19T19:50:34","modified_gmt":"2024-06-19T19:50:34","slug":"koncept-tjanster","status":"publish","type":"page","link":"https:\/\/insideout.se\/index.php\/koncept-tjanster\/","title":{"rendered":"Koncept &#038; Tj\u00e4nster"},"content":{"rendered":"\t\t<div data-elementor-type=\"wp-page\" data-elementor-id=\"56\" class=\"elementor elementor-56\" data-elementor-post-type=\"page\">\n\t\t\t\t<div class=\"elementor-element elementor-element-2d9104bc e-flex e-con-boxed e-con e-parent\" data-id=\"2d9104bc\" data-element_type=\"container\" data-e-type=\"container\" id=\"event\" data-settings=\"{&quot;background_background&quot;:&quot;classic&quot;,&quot;background_motion_fx_motion_fx_scrolling&quot;:&quot;yes&quot;,&quot;background_motion_fx_translateY_effect&quot;:&quot;yes&quot;,&quot;background_motion_fx_translateY_speed&quot;:{&quot;unit&quot;:&quot;px&quot;,&quot;size&quot;:1,&quot;sizes&quot;:[]},&quot;background_motion_fx_translateY_affectedRange&quot;:{&quot;unit&quot;:&quot;%&quot;,&quot;size&quot;:&quot;&quot;,&quot;sizes&quot;:{&quot;start&quot;:0,&quot;end&quot;:100}},&quot;background_motion_fx_devices&quot;:[&quot;desktop&quot;,&quot;tablet&quot;,&quot;mobile&quot;]}\">\n\t\t\t\t\t<div class=\"e-con-inner\">\n\t\t\t\t<div class=\"elementor-element elementor-element-5751ece7 elementor-invisible elementor-widget elementor-widget-heading\" data-id=\"5751ece7\" data-element_type=\"widget\" data-e-type=\"widget\" data-settings=\"{&quot;_animation&quot;:&quot;fadeInUp&quot;}\" data-widget_type=\"heading.default\">\n\t\t\t\t<div class=\"elementor-widget-container\">\n\t\t\t\t\t<h1 class=\"elementor-heading-title elementor-size-default\">Koncept &amp; Tj\u00e4nster<\/h1>\t\t\t\t<\/div>\n\t\t\t\t<\/div>\n\t\t\t\t\t<\/div>\n\t\t\t\t<\/div>\n\t\t<div class=\"elementor-element elementor-element-cdb1a29 e-flex e-con-boxed e-con e-parent\" data-id=\"cdb1a29\" data-element_type=\"container\" data-e-type=\"container\">\n\t\t\t\t\t<div class=\"e-con-inner\">\n\t\t<div class=\"elementor-element elementor-element-2c60d6c e-flex e-con-boxed e-con e-child\" data-id=\"2c60d6c\" data-element_type=\"container\" data-e-type=\"container\">\n\t\t\t\t\t<div class=\"e-con-inner\">\n\t\t<div class=\"elementor-element elementor-element-ba56a02 e-con-full e-flex e-con e-child\" data-id=\"ba56a02\" data-element_type=\"container\" data-e-type=\"container\">\n\t\t\t\t<div class=\"elementor-element elementor-element-0a5d6d3 elementor-widget elementor-widget-heading\" data-id=\"0a5d6d3\" data-element_type=\"widget\" data-e-type=\"widget\" data-widget_type=\"heading.default\">\n\t\t\t\t<div class=\"elementor-widget-container\">\n\t\t\t\t\t<h6 class=\"elementor-heading-title elementor-size-default\">FR\u00c5N ID\u00e9 TILL GENOMF\u00d6RANDE<\/h6>\t\t\t\t<\/div>\n\t\t\t\t<\/div>\n\t\t\t\t<div class=\"elementor-element elementor-element-275ccd2 elementor-widget elementor-widget-heading\" data-id=\"275ccd2\" data-element_type=\"widget\" data-e-type=\"widget\" data-widget_type=\"heading.default\">\n\t\t\t\t<div class=\"elementor-widget-container\">\n\t\t\t\t\t<h2 class=\"elementor-heading-title elementor-size-default\">Event &amp;\nM\u00f6tesplatser<\/h2>\t\t\t\t<\/div>\n\t\t\t\t<\/div>\n\t\t\t\t<div class=\"elementor-element elementor-element-3444403 elementor-widget elementor-widget-text-editor\" data-id=\"3444403\" data-element_type=\"widget\" data-e-type=\"widget\" data-widget_type=\"text-editor.default\">\n\t\t\t\t<div class=\"elementor-widget-container\">\n\t\t\t\t\t\t\t\t\t<p class=\"p1\">F\u00f6r att f\u00f6rena utveckling med upplevelser skr\u00e4ddarsys eventen hand i hand med kundens varum\u00e4rke och efter platsens karakt\u00e4r och kultur f\u00f6r att locka en m\u00e5ngfald av bes\u00f6kare.<\/p><p class=\"p1\">insideouts uppdrag ser alltid olika ut. Ibland tar vi hand om hela eventprocessen, fr\u00e5n id\u00e9, projektledning till genomf\u00f6rande av st\u00f6rre evenemang. I andra fall \u00e4r v\u00e5ra insatser korta men intensiva, som att skapa effektiva eventkoncept f\u00f6r att n\u00e5 s\u00e4ljresultat p\u00e5 kort tid.<\/p><p class=\"p1\">Med \u00e5ren har vi blivit k\u00e4nda f\u00f6r v\u00e5ra h\u00e5llbara kreativa och kostnadseffektiva events och vi prutar aldrig p\u00e5 kvalit\u00e9.<\/p>\t\t\t\t\t\t\t\t<\/div>\n\t\t\t\t<\/div>\n\t\t\t\t<div class=\"elementor-element elementor-element-bd65855 elementor-tablet-align-center elementor-widget elementor-widget-button\" data-id=\"bd65855\" data-element_type=\"widget\" data-e-type=\"widget\" data-widget_type=\"button.default\">\n\t\t\t\t<div class=\"elementor-widget-container\">\n\t\t\t\t\t\t\t\t\t<div class=\"elementor-button-wrapper\">\n\t\t\t\t\t<a class=\"elementor-button elementor-button-link elementor-size-sm\" href=\"https:\/\/insideout.se\/index.php\/kontakt\/\">\n\t\t\t\t\t\t<span class=\"elementor-button-content-wrapper\">\n\t\t\t\t\t\t\t\t\t<span class=\"elementor-button-text\">Kontakta oss<\/span>\n\t\t\t\t\t<\/span>\n\t\t\t\t\t<\/a>\n\t\t\t\t<\/div>\n\t\t\t\t\t\t\t\t<\/div>\n\t\t\t\t<\/div>\n\t\t\t\t<\/div>\n\t\t<div class=\"elementor-element elementor-element-bf2f326 e-con-full e-flex e-con e-child\" data-id=\"bf2f326\" data-element_type=\"container\" data-e-type=\"container\">\n\t\t\t\t<div class=\"elementor-element elementor-element-497aac9 animated-slow elementor-widget-mobile__width-initial elementor-invisible elementor-widget elementor-widget-image\" data-id=\"497aac9\" data-element_type=\"widget\" data-e-type=\"widget\" data-settings=\"{&quot;_animation&quot;:&quot;fadeInUp&quot;,&quot;motion_fx_motion_fx_scrolling&quot;:&quot;yes&quot;,&quot;motion_fx_translateY_effect&quot;:&quot;yes&quot;,&quot;motion_fx_translateY_speed&quot;:{&quot;unit&quot;:&quot;px&quot;,&quot;size&quot;:1,&quot;sizes&quot;:[]},&quot;motion_fx_translateY_affectedRange&quot;:{&quot;unit&quot;:&quot;%&quot;,&quot;size&quot;:&quot;&quot;,&quot;sizes&quot;:{&quot;start&quot;:0,&quot;end&quot;:100}},&quot;motion_fx_devices&quot;:[&quot;desktop&quot;,&quot;tablet&quot;,&quot;mobile&quot;]}\" data-widget_type=\"image.default\">\n\t\t\t\t<div class=\"elementor-widget-container\">\n\t\t\t\t\t\t\t\t\t\t\t\t\t\t\t<img fetchpriority=\"high\" decoding=\"async\" width=\"800\" height=\"532\" src=\"https:\/\/insideout.se\/wp-content\/uploads\/2024\/06\/insideout-eventmotesplatser.jpg\" class=\"attachment-full size-full wp-image-296\" alt=\"\" srcset=\"https:\/\/insideout.se\/wp-content\/uploads\/2024\/06\/insideout-eventmotesplatser.jpg 800w, https:\/\/insideout.se\/wp-content\/uploads\/2024\/06\/insideout-eventmotesplatser-300x200.jpg 300w, https:\/\/insideout.se\/wp-content\/uploads\/2024\/06\/insideout-eventmotesplatser-768x511.jpg 768w\" sizes=\"(max-width: 800px) 100vw, 800px\" \/>\t\t\t\t\t\t\t\t\t\t\t\t\t\t\t<\/div>\n\t\t\t\t<\/div>\n\t\t\t\t<div class=\"elementor-element elementor-element-0c8929f elementor-widget-mobile__width-initial elementor-invisible elementor-widget elementor-widget-image\" data-id=\"0c8929f\" data-element_type=\"widget\" data-e-type=\"widget\" data-settings=\"{&quot;motion_fx_motion_fx_scrolling&quot;:&quot;yes&quot;,&quot;motion_fx_translateY_effect&quot;:&quot;yes&quot;,&quot;motion_fx_translateY_direction&quot;:&quot;negative&quot;,&quot;motion_fx_translateY_speed&quot;:{&quot;unit&quot;:&quot;px&quot;,&quot;size&quot;:0.5,&quot;sizes&quot;:[]},&quot;_animation&quot;:&quot;fadeInRight&quot;,&quot;motion_fx_translateY_affectedRange&quot;:{&quot;unit&quot;:&quot;%&quot;,&quot;size&quot;:&quot;&quot;,&quot;sizes&quot;:{&quot;start&quot;:0,&quot;end&quot;:100}},&quot;motion_fx_devices&quot;:[&quot;desktop&quot;,&quot;tablet&quot;,&quot;mobile&quot;]}\" data-widget_type=\"image.default\">\n\t\t\t\t<div class=\"elementor-widget-container\">\n\t\t\t\t\t\t\t\t\t\t\t\t\t\t\t<img decoding=\"async\" width=\"1920\" height=\"2560\" src=\"https:\/\/insideout.se\/wp-content\/uploads\/2024\/06\/insideout-eventmotesplatser2-scaled.jpg\" class=\"attachment-full size-full wp-image-304\" alt=\"\" srcset=\"https:\/\/insideout.se\/wp-content\/uploads\/2024\/06\/insideout-eventmotesplatser2-scaled.jpg 1920w, https:\/\/insideout.se\/wp-content\/uploads\/2024\/06\/insideout-eventmotesplatser2-225x300.jpg 225w, https:\/\/insideout.se\/wp-content\/uploads\/2024\/06\/insideout-eventmotesplatser2-768x1024.jpg 768w, https:\/\/insideout.se\/wp-content\/uploads\/2024\/06\/insideout-eventmotesplatser2-1152x1536.jpg 1152w, https:\/\/insideout.se\/wp-content\/uploads\/2024\/06\/insideout-eventmotesplatser2-1536x2048.jpg 1536w\" sizes=\"(max-width: 1920px) 100vw, 1920px\" \/>\t\t\t\t\t\t\t\t\t\t\t\t\t\t\t<\/div>\n\t\t\t\t<\/div>\n\t\t\t\t<\/div>\n\t\t\t\t\t<\/div>\n\t\t\t\t<\/div>\n\t\t\t\t\t<\/div>\n\t\t\t\t<\/div>\n\t\t<div class=\"elementor-element elementor-element-76d4989 e-flex e-con-boxed e-con e-parent\" data-id=\"76d4989\" data-element_type=\"container\" data-e-type=\"container\" id=\"destination\">\n\t\t\t\t\t<div class=\"e-con-inner\">\n\t\t<div class=\"elementor-element elementor-element-7a4c9af e-con-full e-flex e-con e-child\" data-id=\"7a4c9af\" data-element_type=\"container\" data-e-type=\"container\">\n\t\t<div class=\"elementor-element elementor-element-5032c8e e-con-full e-flex e-con e-child\" data-id=\"5032c8e\" data-element_type=\"container\" data-e-type=\"container\">\n\t\t\t\t<div class=\"elementor-element elementor-element-bfe7ef2 elementor-widget-mobile__width-initial animated-slow elementor-invisible elementor-widget elementor-widget-image\" data-id=\"bfe7ef2\" data-element_type=\"widget\" data-e-type=\"widget\" data-settings=\"{&quot;motion_fx_motion_fx_scrolling&quot;:&quot;yes&quot;,&quot;motion_fx_translateY_effect&quot;:&quot;yes&quot;,&quot;motion_fx_translateY_speed&quot;:{&quot;unit&quot;:&quot;px&quot;,&quot;size&quot;:0.5,&quot;sizes&quot;:[]},&quot;_animation&quot;:&quot;fadeInLeft&quot;,&quot;motion_fx_translateY_affectedRange&quot;:{&quot;unit&quot;:&quot;%&quot;,&quot;size&quot;:&quot;&quot;,&quot;sizes&quot;:{&quot;start&quot;:0,&quot;end&quot;:100}},&quot;motion_fx_devices&quot;:[&quot;desktop&quot;,&quot;tablet&quot;,&quot;mobile&quot;]}\" data-widget_type=\"image.default\">\n\t\t\t\t<div class=\"elementor-widget-container\">\n\t\t\t\t\t\t\t\t\t\t\t\t\t\t\t<img decoding=\"async\" width=\"2560\" height=\"1707\" src=\"https:\/\/insideout.se\/wp-content\/uploads\/2024\/06\/insideout-destination-scaled.jpg\" class=\"attachment-full size-full wp-image-297\" alt=\"\" srcset=\"https:\/\/insideout.se\/wp-content\/uploads\/2024\/06\/insideout-destination-scaled.jpg 2560w, https:\/\/insideout.se\/wp-content\/uploads\/2024\/06\/insideout-destination-300x200.jpg 300w, https:\/\/insideout.se\/wp-content\/uploads\/2024\/06\/insideout-destination-1024x683.jpg 1024w, https:\/\/insideout.se\/wp-content\/uploads\/2024\/06\/insideout-destination-768x512.jpg 768w, https:\/\/insideout.se\/wp-content\/uploads\/2024\/06\/insideout-destination-1536x1024.jpg 1536w, https:\/\/insideout.se\/wp-content\/uploads\/2024\/06\/insideout-destination-2048x1365.jpg 2048w\" sizes=\"(max-width: 2560px) 100vw, 2560px\" \/>\t\t\t\t\t\t\t\t\t\t\t\t\t\t\t<\/div>\n\t\t\t\t<\/div>\n\t\t\t\t<div class=\"elementor-element elementor-element-312a61b animated-slow elementor-widget-mobile__width-initial elementor-invisible elementor-widget elementor-widget-image\" data-id=\"312a61b\" data-element_type=\"widget\" data-e-type=\"widget\" data-settings=\"{&quot;_animation&quot;:&quot;fadeInUp&quot;,&quot;motion_fx_motion_fx_scrolling&quot;:&quot;yes&quot;,&quot;motion_fx_translateY_effect&quot;:&quot;yes&quot;,&quot;motion_fx_translateY_speed&quot;:{&quot;unit&quot;:&quot;px&quot;,&quot;size&quot;:1,&quot;sizes&quot;:[]},&quot;motion_fx_translateY_affectedRange&quot;:{&quot;unit&quot;:&quot;%&quot;,&quot;size&quot;:&quot;&quot;,&quot;sizes&quot;:{&quot;start&quot;:0,&quot;end&quot;:100}},&quot;motion_fx_devices&quot;:[&quot;desktop&quot;,&quot;tablet&quot;,&quot;mobile&quot;]}\" data-widget_type=\"image.default\">\n\t\t\t\t<div class=\"elementor-widget-container\">\n\t\t\t\t\t\t\t\t\t\t\t\t\t\t\t<img loading=\"lazy\" decoding=\"async\" width=\"1343\" height=\"1920\" src=\"https:\/\/insideout.se\/wp-content\/uploads\/2024\/06\/insideout-destination2.jpg\" class=\"attachment-full size-full wp-image-305\" alt=\"\" srcset=\"https:\/\/insideout.se\/wp-content\/uploads\/2024\/06\/insideout-destination2.jpg 1343w, https:\/\/insideout.se\/wp-content\/uploads\/2024\/06\/insideout-destination2-210x300.jpg 210w, https:\/\/insideout.se\/wp-content\/uploads\/2024\/06\/insideout-destination2-716x1024.jpg 716w, https:\/\/insideout.se\/wp-content\/uploads\/2024\/06\/insideout-destination2-768x1098.jpg 768w, https:\/\/insideout.se\/wp-content\/uploads\/2024\/06\/insideout-destination2-1074x1536.jpg 1074w\" sizes=\"(max-width: 1343px) 100vw, 1343px\" \/>\t\t\t\t\t\t\t\t\t\t\t\t\t\t\t<\/div>\n\t\t\t\t<\/div>\n\t\t\t\t<\/div>\n\t\t<div class=\"elementor-element elementor-element-35a5a37 e-con-full e-flex e-con e-child\" data-id=\"35a5a37\" data-element_type=\"container\" data-e-type=\"container\">\n\t\t\t\t<div class=\"elementor-element elementor-element-dff28fb elementor-widget elementor-widget-heading\" data-id=\"dff28fb\" data-element_type=\"widget\" data-e-type=\"widget\" data-widget_type=\"heading.default\">\n\t\t\t\t<div class=\"elementor-widget-container\">\n\t\t\t\t\t<h6 class=\"elementor-heading-title elementor-size-default\">VAD G\u00d6R ER PLATS UNIK?<\/h6>\t\t\t\t<\/div>\n\t\t\t\t<\/div>\n\t\t\t\t<div class=\"elementor-element elementor-element-aeb25a8 overflow-wrap: break-word; elementor-widget elementor-widget-heading\" data-id=\"aeb25a8\" data-element_type=\"widget\" data-e-type=\"widget\" data-widget_type=\"heading.default\">\n\t\t\t\t<div class=\"elementor-widget-container\">\n\t\t\t\t\t<h2 class=\"elementor-heading-title elementor-size-default\">Destinations-utveckling &amp; Platsutveckling<\/h2>\t\t\t\t<\/div>\n\t\t\t\t<\/div>\n\t\t\t\t<div class=\"elementor-element elementor-element-af8507b elementor-widget elementor-widget-text-editor\" data-id=\"af8507b\" data-element_type=\"widget\" data-e-type=\"widget\" data-widget_type=\"text-editor.default\">\n\t\t\t\t<div class=\"elementor-widget-container\">\n\t\t\t\t\t\t\t\t\t<p class=\"p1\">Destinationsutveckling handlar om att utveckla reseanledningar och st\u00e4rka en <span class=\"s1\">destinations attraktions- och konkurrenskraft I Sverige finns det otaliga platser och <\/span>upplevelser att ta del av, vilket \u00e4r fantastiskt! Tyv\u00e4rr lyckas man inte alltid framh\u00e4va dessa platser och upplevelser p\u00e5 b\u00e4sta s\u00e4tt.<\/p><p class=\"p1\">F\u00f6r att en destination ska bli framg\u00e5ngsrik och intressant kr\u00e4vs samarbete mellan det offentliga och det privata.<\/p><p class=\"p1\">insideout arbetar med att skapa starka n\u00e4tverk av lokala akt\u00f6rer som vill samarbeta och skapa aff\u00e4rsm\u00f6jligheter som st\u00e4rker destinationens attraktionskraft. Vi f\u00f6rb\u00e4ttrar kvaliteten p\u00e5 befintliga erbjudanden och skapar nya attraktiva upplevelsekoncept.<\/p><p class=\"p1\">Genom att fokusera p\u00e5 h\u00e5llbarhet, innovation och samarbete kan vi s\u00e4kerst\u00e4lla att destinationerna inte bara lockar fler bes\u00f6kare, utan ocks\u00e5 blir l\u00e5ngsiktigt h\u00e5llbara och har en positiv inverkan p\u00e5 den lokala ekonomin.<\/p><p class=\"p1\"><span class=\"s1\">Tillsammans kan vi lyfta fram de unika skatter som Sverige har att erbjuda.<\/span><\/p>\t\t\t\t\t\t\t\t<\/div>\n\t\t\t\t<\/div>\n\t\t\t\t<div class=\"elementor-element elementor-element-974a752 elementor-tablet-align-center elementor-widget elementor-widget-button\" data-id=\"974a752\" data-element_type=\"widget\" data-e-type=\"widget\" data-widget_type=\"button.default\">\n\t\t\t\t<div class=\"elementor-widget-container\">\n\t\t\t\t\t\t\t\t\t<div class=\"elementor-button-wrapper\">\n\t\t\t\t\t<a class=\"elementor-button elementor-button-link elementor-size-sm\" href=\"https:\/\/insideout.se\/index.php\/kontakt\/\">\n\t\t\t\t\t\t<span class=\"elementor-button-content-wrapper\">\n\t\t\t\t\t\t\t\t\t<span class=\"elementor-button-text\">Kontakta oss<\/span>\n\t\t\t\t\t<\/span>\n\t\t\t\t\t<\/a>\n\t\t\t\t<\/div>\n\t\t\t\t\t\t\t\t<\/div>\n\t\t\t\t<\/div>\n\t\t\t\t<\/div>\n\t\t\t\t<\/div>\n\t\t\t\t\t<\/div>\n\t\t\t\t<\/div>\n\t\t<div class=\"elementor-element elementor-element-cf16a92 e-flex e-con-boxed e-con e-parent\" data-id=\"cf16a92\" data-element_type=\"container\" data-e-type=\"container\" id=\"inredning\">\n\t\t\t\t\t<div class=\"e-con-inner\">\n\t\t<div class=\"elementor-element elementor-element-69b7e8e e-flex e-con-boxed e-con e-child\" data-id=\"69b7e8e\" data-element_type=\"container\" data-e-type=\"container\">\n\t\t\t\t\t<div class=\"e-con-inner\">\n\t\t<div class=\"elementor-element elementor-element-d0509ae e-con-full e-flex e-con e-child\" data-id=\"d0509ae\" data-element_type=\"container\" data-e-type=\"container\">\n\t\t\t\t<div class=\"elementor-element elementor-element-6f299fa elementor-widget elementor-widget-heading\" data-id=\"6f299fa\" data-element_type=\"widget\" data-e-type=\"widget\" data-widget_type=\"heading.default\">\n\t\t\t\t<div class=\"elementor-widget-container\">\n\t\t\t\t\t<h6 class=\"elementor-heading-title elementor-size-default\">K\u00c4NSLA &amp; H\u00c5LLBARHET I FOKUS<\/h6>\t\t\t\t<\/div>\n\t\t\t\t<\/div>\n\t\t\t\t<div class=\"elementor-element elementor-element-561929d elementor-widget elementor-widget-heading\" data-id=\"561929d\" data-element_type=\"widget\" data-e-type=\"widget\" data-widget_type=\"heading.default\">\n\t\t\t\t<div class=\"elementor-widget-container\">\n\t\t\t\t\t<h2 class=\"elementor-heading-title elementor-size-default\">Inredning &amp; Milj\u00f6skapande<\/h2>\t\t\t\t<\/div>\n\t\t\t\t<\/div>\n\t\t\t\t<div class=\"elementor-element elementor-element-a28c313 elementor-widget elementor-widget-text-editor\" data-id=\"a28c313\" data-element_type=\"widget\" data-e-type=\"widget\" data-widget_type=\"text-editor.default\">\n\t\t\t\t<div class=\"elementor-widget-container\">\n\t\t\t\t\t\t\t\t\t<p class=\"p1\">Inredning \u00e4r avg\u00f6rande f\u00f6r att skapa r\u00e4tt k\u00e4nsla f\u00f6r b\u00e5de kunder och anst\u00e4llda. Ett f\u00f6rsta intryck \u00e4r viktigt f\u00f6r f\u00f6retagets image och en representativ m\u00f6tesplats. Medan en grafisk profil ofta \u00e4r en sj\u00e4lvklarhet, kan kontorets utseende och k\u00e4nsla ibland gl\u00f6mmas bort. En attraktiv arbetsmilj\u00f6 lockar inte bara till sig och beh\u00e5ller personal utan skapar ocks\u00e5 stolthet och en stark koppling till f\u00f6retaget.<\/p><p class=\"p1\">insideout har som uppgift att tolka er vision och med h\u00e4nsyn till kontorets eller hemmets f\u00f6ruts\u00e4ttningar skapa en attraktiv och funktionell plats. Genom att noggrant lyssna p\u00e5 era behov och dr\u00f6mmar, och kombinera det med expertis inom design och inredning, str\u00e4var insideout efter att skapa en milj\u00f6 som inte bara \u00e4r estetiskt tilltalande utan ocks\u00e5 praktisk och <span class=\"s1\">inspirerande. Med fokus p\u00e5 b\u00e5de detalj och helhet s\u00e4kerst\u00e4ller vi att varje projekt speglar <\/span>kundens unika stil och \u00f6nskem\u00e5l, vilket resulterar i en plats som k\u00e4nns personlig, harmonisk och v\u00e4lkomnande.<\/p><p class=\"p1\">En utav v\u00e5ra ledstj\u00e4rnor \u00e4r att jobba h\u00e5llbart och att \u00e5terbruka det som \u00e4r m\u00f6jligt. Vi tar fram designkoncept, f\u00e4rgpaletter och inredningsf\u00f6rslag f\u00f6r ett eller flera rum beroende p\u00e5 projektets omfattning.<\/p><p class=\"p1\">Vid dessa uppdrag arbetar vi \u00e4ven mot privatpersoner.<\/p>\t\t\t\t\t\t\t\t<\/div>\n\t\t\t\t<\/div>\n\t\t\t\t<div class=\"elementor-element elementor-element-2953edb elementor-tablet-align-center elementor-widget elementor-widget-button\" data-id=\"2953edb\" data-element_type=\"widget\" data-e-type=\"widget\" data-widget_type=\"button.default\">\n\t\t\t\t<div class=\"elementor-widget-container\">\n\t\t\t\t\t\t\t\t\t<div class=\"elementor-button-wrapper\">\n\t\t\t\t\t<a class=\"elementor-button elementor-button-link elementor-size-sm\" href=\"https:\/\/insideout.se\/index.php\/kontakt\/\">\n\t\t\t\t\t\t<span class=\"elementor-button-content-wrapper\">\n\t\t\t\t\t\t\t\t\t<span class=\"elementor-button-text\">Kontakta oss<\/span>\n\t\t\t\t\t<\/span>\n\t\t\t\t\t<\/a>\n\t\t\t\t<\/div>\n\t\t\t\t\t\t\t\t<\/div>\n\t\t\t\t<\/div>\n\t\t\t\t<\/div>\n\t\t<div class=\"elementor-element elementor-element-b5b52a7 e-con-full e-flex e-con e-child\" data-id=\"b5b52a7\" data-element_type=\"container\" data-e-type=\"container\">\n\t\t\t\t<div class=\"elementor-element elementor-element-cd6336a animated-slow elementor-widget-mobile__width-initial elementor-invisible elementor-widget elementor-widget-image\" data-id=\"cd6336a\" data-element_type=\"widget\" data-e-type=\"widget\" data-settings=\"{&quot;_animation&quot;:&quot;fadeInUp&quot;,&quot;motion_fx_motion_fx_scrolling&quot;:&quot;yes&quot;,&quot;motion_fx_translateY_effect&quot;:&quot;yes&quot;,&quot;motion_fx_translateY_speed&quot;:{&quot;unit&quot;:&quot;px&quot;,&quot;size&quot;:1,&quot;sizes&quot;:[]},&quot;motion_fx_translateY_affectedRange&quot;:{&quot;unit&quot;:&quot;%&quot;,&quot;size&quot;:&quot;&quot;,&quot;sizes&quot;:{&quot;start&quot;:0,&quot;end&quot;:100}},&quot;motion_fx_devices&quot;:[&quot;desktop&quot;,&quot;tablet&quot;,&quot;mobile&quot;]}\" data-widget_type=\"image.default\">\n\t\t\t\t<div class=\"elementor-widget-container\">\n\t\t\t\t\t\t\t\t\t\t\t\t\t\t\t<img loading=\"lazy\" decoding=\"async\" width=\"2560\" height=\"1707\" src=\"https:\/\/insideout.se\/wp-content\/uploads\/2024\/06\/insideout-inredning2-scaled.jpg\" class=\"attachment-full size-full wp-image-306\" alt=\"\" srcset=\"https:\/\/insideout.se\/wp-content\/uploads\/2024\/06\/insideout-inredning2-scaled.jpg 2560w, https:\/\/insideout.se\/wp-content\/uploads\/2024\/06\/insideout-inredning2-300x200.jpg 300w, https:\/\/insideout.se\/wp-content\/uploads\/2024\/06\/insideout-inredning2-1024x683.jpg 1024w, https:\/\/insideout.se\/wp-content\/uploads\/2024\/06\/insideout-inredning2-768x512.jpg 768w, https:\/\/insideout.se\/wp-content\/uploads\/2024\/06\/insideout-inredning2-1536x1024.jpg 1536w, https:\/\/insideout.se\/wp-content\/uploads\/2024\/06\/insideout-inredning2-2048x1365.jpg 2048w\" sizes=\"(max-width: 2560px) 100vw, 2560px\" \/>\t\t\t\t\t\t\t\t\t\t\t\t\t\t\t<\/div>\n\t\t\t\t<\/div>\n\t\t\t\t<div class=\"elementor-element elementor-element-b41eeb9 elementor-widget-mobile__width-initial elementor-invisible elementor-widget elementor-widget-image\" data-id=\"b41eeb9\" data-element_type=\"widget\" data-e-type=\"widget\" data-settings=\"{&quot;motion_fx_motion_fx_scrolling&quot;:&quot;yes&quot;,&quot;motion_fx_translateY_effect&quot;:&quot;yes&quot;,&quot;motion_fx_translateY_direction&quot;:&quot;negative&quot;,&quot;motion_fx_translateY_speed&quot;:{&quot;unit&quot;:&quot;px&quot;,&quot;size&quot;:0.5,&quot;sizes&quot;:[]},&quot;_animation&quot;:&quot;fadeInRight&quot;,&quot;motion_fx_translateY_affectedRange&quot;:{&quot;unit&quot;:&quot;%&quot;,&quot;size&quot;:&quot;&quot;,&quot;sizes&quot;:{&quot;start&quot;:0,&quot;end&quot;:100}},&quot;motion_fx_devices&quot;:[&quot;desktop&quot;,&quot;tablet&quot;,&quot;mobile&quot;]}\" data-widget_type=\"image.default\">\n\t\t\t\t<div class=\"elementor-widget-container\">\n\t\t\t\t\t\t\t\t\t\t\t\t\t\t\t<img loading=\"lazy\" decoding=\"async\" width=\"2560\" height=\"1920\" src=\"https:\/\/insideout.se\/wp-content\/uploads\/2024\/06\/insideout-inredning-scaled.jpg\" class=\"attachment-full size-full wp-image-298\" alt=\"\" srcset=\"https:\/\/insideout.se\/wp-content\/uploads\/2024\/06\/insideout-inredning-scaled.jpg 2560w, https:\/\/insideout.se\/wp-content\/uploads\/2024\/06\/insideout-inredning-300x225.jpg 300w, https:\/\/insideout.se\/wp-content\/uploads\/2024\/06\/insideout-inredning-1024x768.jpg 1024w, https:\/\/insideout.se\/wp-content\/uploads\/2024\/06\/insideout-inredning-768x576.jpg 768w, https:\/\/insideout.se\/wp-content\/uploads\/2024\/06\/insideout-inredning-1536x1152.jpg 1536w, https:\/\/insideout.se\/wp-content\/uploads\/2024\/06\/insideout-inredning-2048x1536.jpg 2048w\" sizes=\"(max-width: 2560px) 100vw, 2560px\" \/>\t\t\t\t\t\t\t\t\t\t\t\t\t\t\t<\/div>\n\t\t\t\t<\/div>\n\t\t\t\t<\/div>\n\t\t\t\t\t<\/div>\n\t\t\t\t<\/div>\n\t\t\t\t\t<\/div>\n\t\t\t\t<\/div>\n\t\t\t\t<\/div>\n\t\t","protected":false},"excerpt":{"rendered":"<p>Koncept &amp; Tj\u00e4nster FR\u00c5N ID\u00e9 TILL GENOMF\u00d6RANDE Event &amp; M\u00f6tesplatser F\u00f6r att f\u00f6rena utveckling med upplevelser skr\u00e4ddarsys eventen hand i hand med kundens varum\u00e4rke och efter platsens karakt\u00e4r och kultur f\u00f6r att locka en m\u00e5ngfald av bes\u00f6kare. insideouts uppdrag ser alltid olika ut. Ibland tar vi hand om hela eventprocessen, fr\u00e5n id\u00e9, projektledning till genomf\u00f6rande [&hellip;]<\/p>\n","protected":false},"author":1,"featured_media":0,"parent":0,"menu_order":0,"comment_status":"closed","ping_status":"closed","template":"elementor_header_footer","meta":{"footnotes":""},"class_list":["post-56","page","type-page","status-publish","hentry"],"_links":{"self":[{"href":"https:\/\/insideout.se\/index.php\/wp-json\/wp\/v2\/pages\/56","targetHints":{"allow":["GET"]}}],"collection":[{"href":"https:\/\/insideout.se\/index.php\/wp-json\/wp\/v2\/pages"}],"about":[{"href":"https:\/\/insideout.se\/index.php\/wp-json\/wp\/v2\/types\/page"}],"author":[{"embeddable":true,"href":"https:\/\/insideout.se\/index.php\/wp-json\/wp\/v2\/users\/1"}],"replies":[{"embeddable":true,"href":"https:\/\/insideout.se\/index.php\/wp-json\/wp\/v2\/comments?post=56"}],"version-history":[{"count":60,"href":"https:\/\/insideout.se\/index.php\/wp-json\/wp\/v2\/pages\/56\/revisions"}],"predecessor-version":[{"id":412,"href":"https:\/\/insideout.se\/index.php\/wp-json\/wp\/v2\/pages\/56\/revisions\/412"}],"wp:attachment":[{"href":"https:\/\/insideout.se\/index.php\/wp-json\/wp\/v2\/media?parent=56"}],"curies":[{"name":"wp","href":"https:\/\/api.w.org\/{rel}","templated":true}]}}